{"id":14,"date":"2020-04-03T18:55:28","date_gmt":"2020-04-03T23:55:28","guid":{"rendered":"http:\/\/colegiointegridad.edu.pe\/?page_id=14"},"modified":"2025-03-04T19:32:11","modified_gmt":"2025-03-05T00:32:11","slug":"contactanos","status":"publish","type":"page","link":"https:\/\/colegiointegridad.edu.pe\/inicio\/contactanos\/","title":{"rendered":"Cont\u00e1ctanos"},"content":{"rendered":"\n<div class=\"wp-block-group\"><div class=\"wp-block-group__inner-container is-layout-constrained wp-block-group-is-layout-constrained\">\n<p><b>Visite en la oficina ubicada<\/b>:<\/p>\n<p>Los Laureles 138, Mz.57,Lote23, PP. JJ. Tupac Amaru. (referencia: por la calle de SEDALIB, a media cuadra de la Av. Huam\u00e1n)<\/p>\n<p>Vista Alegre &#8211; V\u00edctor Larco Herrera.<\/p>\n<p>Trujillo &#8211; Per\u00fa.<\/p>\n<p><b>Ll\u00e1menos a los siguientes tel\u00e9fonos<\/b>:<\/p>\n<p>+51 986 390 678<\/p>\n<p><b>HORARIO DE ATENCI\u00d3N<\/b><\/p>\n<p>Lunes a Viernes<\/p>\n<p><i><strong>Ma\u00f1ana <\/strong><\/i><\/p>\n<p>8 a.m. a 12 a.m.<\/p>\n<p><i><strong>Tarde <\/strong><\/i><\/p>\n<p>3 p.m. a 6 p.m.<\/p>\n<\/div><\/div>\n","protected":false},"excerpt":{"rendered":"<p>Visite en la oficina ubicada: Los Laureles 138, Mz.57,Lote23, PP. JJ. Tupac Amaru. (referencia: por la calle de SEDALIB, a media cuadra de la Av. Huam\u00e1n) Vista Alegre &#8211; V\u00edctor Larco Herrera. Trujillo &#8211; Per\u00fa. Ll\u00e1menos a los siguientes tel\u00e9fonos: +51 986 390 678 HORARIO DE ATENCI\u00d3N Lunes a Viernes Ma\u00f1ana 8 a.m. a 12 [&hellip;]<\/p>\n","protected":false},"author":2,"featured_media":0,"parent":0,"menu_order":0,"comment_status":"closed","ping_status":"closed","template":"","meta":{"pagelayer_contact_templates":[],"_pagelayer_content":"","footnotes":""},"class_list":["post-14","page","type-page","status-publish","hentry"],"_links":{"self":[{"href":"https:\/\/colegiointegridad.edu.pe\/inicio\/wp-json\/wp\/v2\/pages\/14","targetHints":{"allow":["GET"]}}],"collection":[{"href":"https:\/\/colegiointegridad.edu.pe\/inicio\/wp-json\/wp\/v2\/pages"}],"about":[{"href":"https:\/\/colegiointegridad.edu.pe\/inicio\/wp-json\/wp\/v2\/types\/page"}],"author":[{"embeddable":true,"href":"https:\/\/colegiointegridad.edu.pe\/inicio\/wp-json\/wp\/v2\/users\/2"}],"replies":[{"embeddable":true,"href":"https:\/\/colegiointegridad.edu.pe\/inicio\/wp-json\/wp\/v2\/comments?post=14"}],"version-history":[{"count":9,"href":"https:\/\/colegiointegridad.edu.pe\/inicio\/wp-json\/wp\/v2\/pages\/14\/revisions"}],"predecessor-version":[{"id":181,"href":"https:\/\/colegiointegridad.edu.pe\/inicio\/wp-json\/wp\/v2\/pages\/14\/revisions\/181"}],"wp:attachment":[{"href":"https:\/\/colegiointegridad.edu.pe\/inicio\/wp-json\/wp\/v2\/media?parent=14"}],"curies":[{"name":"wp","href":"https:\/\/api.w.org\/{rel}","templated":true}]}}